{"id":7,"date":"2022-02-23T09:31:01","date_gmt":"2022-02-23T09:31:01","guid":{"rendered":"https:\/\/geo.gandia.org\/intranet\/?page_id=7"},"modified":"2022-08-18T19:52:07","modified_gmt":"2022-08-18T18:52:07","slug":"ordenances-i-reglaments","status":"publish","type":"page","link":"https:\/\/geo.gandia.org\/forum\/","title":{"rendered":"Ordenances i reglaments"},"content":{"rendered":"\n<p><\/p>\n\n\n\n<p>L\u2019Ajuntament de Gandia posa a la disposici\u00f3 de la ciutadania el present portal on es publicaran les ordenances i els reglaments que han de ser aprovats pel ple municipal d\u2019aquest Ajuntament.<\/p>\n\n\n\n<p>Els visitants que accedisquen a la nostra p\u00e0gina web https:\/\/forum.gandia.org\/ podran comentar les ordenances i els reglaments que en aquest lloc es publiquen, una vegada siguen posats en vigor deixaran d\u2019estar publicats (aix\u00f2 ser\u00e0 quan siguen aprovats pel ple de l\u2019Ajuntament de Gandia). En aqueix mateix moment els comentaris associats tamb\u00e9 deixaran d\u2019estar publicats.<\/p>\n\n\n\n<p>Si desitja saber m\u00e9s sobre ordenances municipals a continuaci\u00f3 poden descarregar-se el document <a href=\"https:\/\/geo.gandia.org\/forum\/wp-content\/uploads\/2022\/02\/OrdenanzasQueSon.pdf\" data-type=\"URL\" data-id=\"https:\/\/geo.gandia.org\/forum\/wp-content\/uploads\/2022\/02\/OrdenanzasQueSon.pdf\" target=\"_blank\" rel=\"noreferrer noopener\">ORDENANCES MUNICIPALS<\/a> que li il\u00b7lustrar\u00e0 sobre alguns aspectes que podrien ser del seu inter\u00e9s.<\/p>\n\n\n\n<p><a href=\"https:\/\/geo.gandia.org\/forum\/ultimes-ordenances-i-reglaments\/\" data-type=\"URL\" data-id=\"https:\/\/geo.gandia.org\/forum\/ultimes-ordenances-i-reglaments\/\" target=\"_blank\" rel=\"noreferrer noopener\">\u00daLTIMES ORDENANCES I REGLAMENTS<\/a><\/p>\n\n\n\n<hr class=\"wp-block-separator has-text-color has-css-opacity has-background is-style-wide\" style=\"background-color:#572898;color:#572898\"\/>\n\n\n\n<p>El Ayuntamiento de Gandia pone a disposici\u00f3n de la ciudadan\u00eda el presente portal donde se publicar\u00e1n las ordenanzas y los reglamentos que han de ser aprobados por el pleno municipal de este Ayuntamiento.<\/p>\n\n\n\n<p>Los visitantes que accedan a nuestra p\u00e1gina web https:\/\/forum.gandia.org\/ podr\u00e1n comentar las ordenanzas y los reglamentos que en dicho sitio se publiquen, una vez sean puestos en vigor dejar\u00e1n de estar publicados (esto ser\u00e1 cuando sean aprobados por el pleno del Ayuntamiento de Gandia). En ese mismo momento los comentarios asociados tambi\u00e9n dejar\u00e1n de estar publicados.<\/p>\n\n\n\n<p>Si desea saber m\u00e1s sobre ordenanzas municipales a continuaci\u00f3n pueden descargarse el documento<a rel=\"noreferrer noopener\" href=\"http:\/\/localhost\/foro.gandia\/wp-content\/uploads\/2022\/01\/OrdenanzasQueSon.pdf\" target=\"_blank\">&nbsp;<\/a><a href=\"https:\/\/geo.gandia.org\/forum\/wp-content\/uploads\/2022\/02\/OrdenanzasQueSon.pdf\" data-type=\"URL\" data-id=\"https:\/\/geo.gandia.org\/forum\/wp-content\/uploads\/2022\/02\/OrdenanzasQueSon.pdf\" target=\"_blank\" rel=\"noreferrer noopener\">ORDENANZAS MUNICIPALES<\/a>&nbsp;que le ilustrar\u00e1 sobre algunos aspectos que podr\u00edan ser de su inter\u00e9s.<\/p>\n\n\n\n<p><a href=\"https:\/\/geo.gandia.org\/forum\/ultimes-ordenances-i-reglaments\/\" data-type=\"URL\" data-id=\"https:\/\/geo.gandia.org\/forum\/ultimes-ordenances-i-reglaments\/\" target=\"_blank\" rel=\"noreferrer noopener\">\u00daLTIMAS ORDENANZAS Y REGLAMENTOS<\/a><\/p>\n","protected":false},"excerpt":{"rendered":"<p>L\u2019Ajuntament de Gandia posa a la disposici\u00f3 de la ciutadania el present portal on es publicaran les ordenances i els reglaments que han de ser&hellip;<\/p>\n","protected":false},"author":5,"featured_media":0,"parent":0,"menu_order":0,"comment_status":"closed","ping_status":"closed","template":"","meta":{"footnotes":""},"class_list":["post-7","page","type-page","status-publish","hentry"],"_links":{"self":[{"href":"https:\/\/geo.gandia.org\/forum\/wp-json\/wp\/v2\/pages\/7","targetHints":{"allow":["GET"]}}],"collection":[{"href":"https:\/\/geo.gandia.org\/forum\/wp-json\/wp\/v2\/pages"}],"about":[{"href":"https:\/\/geo.gandia.org\/forum\/wp-json\/wp\/v2\/types\/page"}],"author":[{"embeddable":true,"href":"https:\/\/geo.gandia.org\/forum\/wp-json\/wp\/v2\/users\/5"}],"replies":[{"embeddable":true,"href":"https:\/\/geo.gandia.org\/forum\/wp-json\/wp\/v2\/comments?post=7"}],"version-history":[{"count":17,"href":"https:\/\/geo.gandia.org\/forum\/wp-json\/wp\/v2\/pages\/7\/revisions"}],"predecessor-version":[{"id":161,"href":"https:\/\/geo.gandia.org\/forum\/wp-json\/wp\/v2\/pages\/7\/revisions\/161"}],"wp:attachment":[{"href":"https:\/\/geo.gandia.org\/forum\/wp-json\/wp\/v2\/media?parent=7"}],"curies":[{"name":"wp","href":"https:\/\/api.w.org\/{rel}","templated":true}]}}